{"id":600,"date":"2014-04-02T22:05:48","date_gmt":"2014-04-02T19:05:48","guid":{"rendered":"https:\/\/lumen.ee\/uus\/?page_id=600"},"modified":"2024-10-31T13:13:50","modified_gmt":"2024-10-31T11:13:50","slug":"partnerid","status":"publish","type":"page","link":"https:\/\/www.lumen.ee\/ru\/o_klinike\/partnerid\/","title":{"rendered":"\u041f\u0430\u0440\u0442\u043d\u0435\u0440\u044b"},"content":{"rendered":"<div class=\"page_postitus\">\n<p><span style=\"line-height: 1.5;\">\u0411\u043b\u0430\u0433\u043e\u0434\u0430\u0440\u0438\u043c \u0432\u0441\u0435\u0445 \u043d\u0430\u0448\u0438\u0445 \u043f\u0430\u0440\u0442\u043d\u0435\u0440\u043e\u0432:<\/span><\/p>\n<table style=\"float: left; width: 55%; margin-right: 3%;\" border=\"0\" cellpadding=\"2\">\n<tbody>\n<tr>\n<th style=\"width: 115px;\" scope=\"row\" align=\"left\" valign=\"top\">\u041b\u0430\u0431\u043e\u0440\u0430\u0442\u043e\u0440\u0438\u0438:<\/th>\n<td>\n<ul>\n<li>Ceramic O\u00dc<\/li>\n<li>Tallinna Hambapolikliiniku Hambalabor<\/li>\n<li>IDent Hambalabor<\/li>\n<li>Smileline O\u00dc<\/li>\n<\/ul>\n<\/td>\n<\/tr>\n<\/tbody>\n<\/table>\n<table style=\"float: right; width: 40%;\" border=\"0\" cellpadding=\"2\">\n<tbody>\n<tr>\n<th style=\"width: 115px;\" scope=\"row\" align=\"left\" valign=\"top\">\u041f\u043e\u0441\u0442\u0430\u0432\u0449\u0438\u043a\u0438 \u0442\u043e\u0432\u0430\u0440\u043e\u0432:<\/th>\n<td>\n<ul>\n<li>DAB<\/li>\n<li>VMTR<\/li>\n<li>Sirowa<\/li>\n<li>Magnum Dental<\/li>\n<li>Prodent<\/li>\n<li>Proimplant<\/li>\n<li>Dentalring<\/li>\n<li>Avera-Trading<\/li>\n<li>Plandent<\/li>\n<li>Medivar<\/li>\n<li>Goodpoint Chemical<\/li>\n<li>Dentalmarket.ee<\/li>\n<li>Baltic Medical Partners<\/li>\n<\/ul>\n<\/td>\n<\/tr>\n<\/tbody>\n<\/table>\n<table style=\"float: left; clear: both;\" border=\"0\" cellpadding=\"2\">\n<tbody>\n<tr>\n<th style=\"width: 115px;\" scope=\"row\" align=\"left\" valign=\"top\">\u0418 \u0432\u0441\u0435 \u043e\u0441\u0442\u0430\u043b\u044c\u043d\u044b\u0435<\/th>\n<td>\n<ul>\n<li><a href=\"http:\/\/www.spatallinn.ee\/\" target=\"_blank\" rel=\"noopener noreferrer\"><strong>Viimsi SPA<\/strong><\/a><\/li>\n<li><strong>Viimsi<\/strong><strong> Teataja<\/strong><\/li>\n<li><a href=\"http:\/\/www.innovaatik.ee\/\" target=\"_blank\" rel=\"noopener noreferrer\"><strong>Innovaatik<\/strong><\/a><\/li>\n<li><a href=\"http:\/\/retent.ee\/\" target=\"_blank\" rel=\"noopener noreferrer\"><strong>Retent AS<\/strong><\/a><\/li>\n<li><a href=\"https:\/\/macomed.ee\/\" target=\"_blank\" rel=\"noopener\">MacoMed O\u00dc<\/a><\/li>\n<li><strong><a href=\"http:\/\/sveajarelmaks.ee\/\">SVEA Finance<\/a><\/strong><\/li>\n<li><a href=\"https:\/\/www.tervisekassa.ee\/\"><b>Tevisekassa<\/b><\/a><\/li>\n<\/ul>\n<\/td>\n<\/tr>\n<\/tbody>\n<\/table>\n<\/div>\n","protected":false},"excerpt":{"rendered":"<p>\u0411\u043b\u0430\u0433\u043e\u0434\u0430\u0440\u0438\u043c \u0432\u0441\u0435\u0445 \u043d\u0430\u0448\u0438\u0445 \u043f\u0430\u0440\u0442\u043d\u0435\u0440\u043e\u0432: \u041b\u0430\u0431\u043e\u0440\u0430\u0442\u043e\u0440\u0438\u0438: Ceramic O\u00dc Tallinna Hambapolikliiniku Hambalabor IDent Hambalabor Smileline O\u00dc \u041f\u043e\u0441\u0442\u0430\u0432\u0449\u0438\u043a\u0438 \u0442\u043e\u0432\u0430\u0440\u043e\u0432: DAB VMTR Sirowa Magnum Dental Prodent Proimplant Dentalring Avera-Trading Plandent Medivar Goodpoint Chemical Dentalmarket.ee Baltic Medical Partners \u0418 \u0432\u0441\u0435 \u043e\u0441\u0442\u0430\u043b\u044c\u043d\u044b\u0435 Viimsi SPA Viimsi Teataja Innovaatik Retent AS MacoMed O\u00dc SVEA Finance Tevisekassa<\/p>\n","protected":false},"author":1,"featured_media":0,"parent":873,"menu_order":5,"comment_status":"closed","ping_status":"closed","template":"","meta":{"_acf_changed":false,"_uag_custom_page_level_css":"","footnotes":""},"class_list":["post-600","page","type-page","status-publish","hentry"],"acf":[],"yoast_head":"<!-- This site is optimized with the Yoast SEO plugin v27.4 - https:\/\/yoast.com\/product\/yoast-seo-wordpress\/ -->\n<title>\u041f\u0430\u0440\u0442\u043d\u0435\u0440\u044b - \u0417\u0443\u0431\u043d\u0430\u044f \u041a\u043b\u0438\u043d\u0438\u043a\u0430 Lumen<\/title>\n<meta name=\"description\" content=\"\u041b\u0430\u0431\u043e\u0440\u0430\u0442\u043e\u0440\u0438\u0438: SmileLine O\u00dc, Iowadent O\u00dc, Hambastuudio O\u00dc \u0438 \u0442.\u0434. \u041f\u043e\u0441\u0442\u0430\u0432\u0449\u0438\u043a\u0438 \u0442\u043e\u0432\u0430\u0440\u043e\u0432: DAB, Plandent \u0438 \u0442.\u0434. \u041f\u0430\u0440\u0442\u043d\u0435\u0440\u044b: Viimsi SPA. Lumen Hambakliinik\" \/>\n<meta name=\"robots\" content=\"index, follow, max-snippet:-1, max-image-preview:large, max-video-preview:-1\" \/>\n<link rel=\"canonical\" href=\"https:\/\/www.lumen.ee\/ru\/o_klinike\/partnerid\/\" \/>\n<meta property=\"og:locale\" content=\"ru_RU\" \/>\n<meta property=\"og:type\" content=\"article\" \/>\n<meta property=\"og:title\" content=\"\u041f\u0430\u0440\u0442\u043d\u0435\u0440\u044b - \u0417\u0443\u0431\u043d\u0430\u044f \u041a\u043b\u0438\u043d\u0438\u043a\u0430 Lumen\" \/>\n<meta property=\"og:description\" content=\"\u041b\u0430\u0431\u043e\u0440\u0430\u0442\u043e\u0440\u0438\u0438: SmileLine O\u00dc, Iowadent O\u00dc, Hambastuudio O\u00dc \u0438 \u0442.\u0434. \u041f\u043e\u0441\u0442\u0430\u0432\u0449\u0438\u043a\u0438 \u0442\u043e\u0432\u0430\u0440\u043e\u0432: DAB, Plandent \u0438 \u0442.\u0434. \u041f\u0430\u0440\u0442\u043d\u0435\u0440\u044b: Viimsi SPA. Lumen Hambakliinik\" \/>\n<meta property=\"og:url\" content=\"https:\/\/www.lumen.ee\/ru\/o_klinike\/partnerid\/\" \/>\n<meta property=\"og:site_name\" content=\"\u0417\u0443\u0431\u043d\u0430\u044f \u041a\u043b\u0438\u043d\u0438\u043a\u0430 Lumen\" \/>\n<meta property=\"article:publisher\" content=\"https:\/\/www.facebook.com\/LumenHambakliinik\" \/>\n<meta property=\"article:modified_time\" content=\"2024-10-31T11:13:50+00:00\" \/>\n<meta property=\"og:image\" content=\"https:\/\/www.lumen.ee\/wp-content\/uploads\/2019\/02\/b1.jpg\" \/>\n\t<meta property=\"og:image:width\" content=\"1411\" \/>\n\t<meta property=\"og:image:height\" content=\"363\" \/>\n\t<meta property=\"og:image:type\" content=\"image\/jpeg\" \/>\n<script type=\"application\/ld+json\" class=\"yoast-schema-graph\">{\"@context\":\"https:\\\/\\\/schema.org\",\"@graph\":[{\"@type\":\"WebPage\",\"@id\":\"https:\\\/\\\/www.lumen.ee\\\/ru\\\/o_klinike\\\/partnerid\\\/\",\"url\":\"https:\\\/\\\/www.lumen.ee\\\/ru\\\/o_klinike\\\/partnerid\\\/\",\"name\":\"\u041f\u0430\u0440\u0442\u043d\u0435\u0440\u044b - \u0417\u0443\u0431\u043d\u0430\u044f \u041a\u043b\u0438\u043d\u0438\u043a\u0430 Lumen\",\"isPartOf\":{\"@id\":\"https:\\\/\\\/www.lumen.ee\\\/ru\\\/#website\"},\"datePublished\":\"2014-04-02T19:05:48+00:00\",\"dateModified\":\"2024-10-31T11:13:50+00:00\",\"description\":\"\u041b\u0430\u0431\u043e\u0440\u0430\u0442\u043e\u0440\u0438\u0438: SmileLine O\u00dc, Iowadent O\u00dc, Hambastuudio O\u00dc \u0438 \u0442.\u0434. \u041f\u043e\u0441\u0442\u0430\u0432\u0449\u0438\u043a\u0438 \u0442\u043e\u0432\u0430\u0440\u043e\u0432: DAB, Plandent \u0438 \u0442.\u0434. \u041f\u0430\u0440\u0442\u043d\u0435\u0440\u044b: Viimsi SPA. Lumen Hambakliinik\",\"breadcrumb\":{\"@id\":\"https:\\\/\\\/www.lumen.ee\\\/ru\\\/o_klinike\\\/partnerid\\\/#breadcrumb\"},\"inLanguage\":\"ru-RU\",\"potentialAction\":[{\"@type\":\"ReadAction\",\"target\":[\"https:\\\/\\\/www.lumen.ee\\\/ru\\\/o_klinike\\\/partnerid\\\/\"]}]},{\"@type\":\"BreadcrumbList\",\"@id\":\"https:\\\/\\\/www.lumen.ee\\\/ru\\\/o_klinike\\\/partnerid\\\/#breadcrumb\",\"itemListElement\":[{\"@type\":\"ListItem\",\"position\":1,\"name\":\"Lumen\",\"item\":\"https:\\\/\\\/www.lumen.ee\\\/ru\\\/\"},{\"@type\":\"ListItem\",\"position\":2,\"name\":\"\u0418\u043d\u0444\u043e\u0440\u043c\u0430\u0446\u0438\u044f \u043e \u043a\u043b\u0438\u043d\u0438\u043a\u0435\",\"item\":\"https:\\\/\\\/www.lumen.ee\\\/ru\\\/o_klinike\\\/\"},{\"@type\":\"ListItem\",\"position\":3,\"name\":\"\u041f\u0430\u0440\u0442\u043d\u0435\u0440\u044b\"}]},{\"@type\":\"WebSite\",\"@id\":\"https:\\\/\\\/www.lumen.ee\\\/ru\\\/#website\",\"url\":\"https:\\\/\\\/www.lumen.ee\\\/ru\\\/\",\"name\":\"\u0417\u0443\u0431\u043d\u0430\u044f \u041a\u043b\u0438\u043d\u0438\u043a\u0430 Lumen\",\"description\":\"\",\"publisher\":{\"@id\":\"https:\\\/\\\/www.lumen.ee\\\/ru\\\/#organization\"},\"alternateName\":\"LUMEN\",\"potentialAction\":[{\"@type\":\"SearchAction\",\"target\":{\"@type\":\"EntryPoint\",\"urlTemplate\":\"https:\\\/\\\/www.lumen.ee\\\/ru\\\/?s={search_term_string}\"},\"query-input\":{\"@type\":\"PropertyValueSpecification\",\"valueRequired\":true,\"valueName\":\"search_term_string\"}}],\"inLanguage\":\"ru-RU\"},{\"@type\":\"Organization\",\"@id\":\"https:\\\/\\\/www.lumen.ee\\\/ru\\\/#organization\",\"name\":\"Lumen Hambakliinik\",\"url\":\"https:\\\/\\\/www.lumen.ee\\\/ru\\\/\",\"logo\":{\"@type\":\"ImageObject\",\"inLanguage\":\"ru-RU\",\"@id\":\"https:\\\/\\\/www.lumen.ee\\\/ru\\\/#\\\/schema\\\/logo\\\/image\\\/\",\"url\":\"https:\\\/\\\/www.lumen.ee\\\/wp-content\\\/uploads\\\/2017\\\/09\\\/Lumen_logo_EST_300x137.jpg\",\"contentUrl\":\"https:\\\/\\\/www.lumen.ee\\\/wp-content\\\/uploads\\\/2017\\\/09\\\/Lumen_logo_EST_300x137.jpg\",\"width\":300,\"height\":137,\"caption\":\"Lumen Hambakliinik\"},\"image\":{\"@id\":\"https:\\\/\\\/www.lumen.ee\\\/ru\\\/#\\\/schema\\\/logo\\\/image\\\/\"},\"sameAs\":[\"https:\\\/\\\/www.facebook.com\\\/LumenHambakliinik\",\"https:\\\/\\\/www.youtube.com\\\/user\\\/LumenHambakliinik\"]}]}<\/script>\n<!-- \/ Yoast SEO plugin. -->","yoast_head_json":{"title":"\u041f\u0430\u0440\u0442\u043d\u0435\u0440\u044b - \u0417\u0443\u0431\u043d\u0430\u044f \u041a\u043b\u0438\u043d\u0438\u043a\u0430 Lumen","description":"\u041b\u0430\u0431\u043e\u0440\u0430\u0442\u043e\u0440\u0438\u0438: SmileLine O\u00dc, Iowadent O\u00dc, Hambastuudio O\u00dc \u0438 \u0442.\u0434. \u041f\u043e\u0441\u0442\u0430\u0432\u0449\u0438\u043a\u0438 \u0442\u043e\u0432\u0430\u0440\u043e\u0432: DAB, Plandent \u0438 \u0442.\u0434. \u041f\u0430\u0440\u0442\u043d\u0435\u0440\u044b: Viimsi SPA. Lumen Hambakliinik","robots":{"index":"index","follow":"follow","max-snippet":"max-snippet:-1","max-image-preview":"max-image-preview:large","max-video-preview":"max-video-preview:-1"},"canonical":"https:\/\/www.lumen.ee\/ru\/o_klinike\/partnerid\/","og_locale":"ru_RU","og_type":"article","og_title":"\u041f\u0430\u0440\u0442\u043d\u0435\u0440\u044b - \u0417\u0443\u0431\u043d\u0430\u044f \u041a\u043b\u0438\u043d\u0438\u043a\u0430 Lumen","og_description":"\u041b\u0430\u0431\u043e\u0440\u0430\u0442\u043e\u0440\u0438\u0438: SmileLine O\u00dc, Iowadent O\u00dc, Hambastuudio O\u00dc \u0438 \u0442.\u0434. \u041f\u043e\u0441\u0442\u0430\u0432\u0449\u0438\u043a\u0438 \u0442\u043e\u0432\u0430\u0440\u043e\u0432: DAB, Plandent \u0438 \u0442.\u0434. \u041f\u0430\u0440\u0442\u043d\u0435\u0440\u044b: Viimsi SPA. Lumen Hambakliinik","og_url":"https:\/\/www.lumen.ee\/ru\/o_klinike\/partnerid\/","og_site_name":"\u0417\u0443\u0431\u043d\u0430\u044f \u041a\u043b\u0438\u043d\u0438\u043a\u0430 Lumen","article_publisher":"https:\/\/www.facebook.com\/LumenHambakliinik","article_modified_time":"2024-10-31T11:13:50+00:00","og_image":[{"width":1411,"height":363,"url":"https:\/\/www.lumen.ee\/wp-content\/uploads\/2019\/02\/b1.jpg","type":"image\/jpeg"}],"schema":{"@context":"https:\/\/schema.org","@graph":[{"@type":"WebPage","@id":"https:\/\/www.lumen.ee\/ru\/o_klinike\/partnerid\/","url":"https:\/\/www.lumen.ee\/ru\/o_klinike\/partnerid\/","name":"\u041f\u0430\u0440\u0442\u043d\u0435\u0440\u044b - \u0417\u0443\u0431\u043d\u0430\u044f \u041a\u043b\u0438\u043d\u0438\u043a\u0430 Lumen","isPartOf":{"@id":"https:\/\/www.lumen.ee\/ru\/#website"},"datePublished":"2014-04-02T19:05:48+00:00","dateModified":"2024-10-31T11:13:50+00:00","description":"\u041b\u0430\u0431\u043e\u0440\u0430\u0442\u043e\u0440\u0438\u0438: SmileLine O\u00dc, Iowadent O\u00dc, Hambastuudio O\u00dc \u0438 \u0442.\u0434. \u041f\u043e\u0441\u0442\u0430\u0432\u0449\u0438\u043a\u0438 \u0442\u043e\u0432\u0430\u0440\u043e\u0432: DAB, Plandent \u0438 \u0442.\u0434. \u041f\u0430\u0440\u0442\u043d\u0435\u0440\u044b: Viimsi SPA. Lumen Hambakliinik","breadcrumb":{"@id":"https:\/\/www.lumen.ee\/ru\/o_klinike\/partnerid\/#breadcrumb"},"inLanguage":"ru-RU","potentialAction":[{"@type":"ReadAction","target":["https:\/\/www.lumen.ee\/ru\/o_klinike\/partnerid\/"]}]},{"@type":"BreadcrumbList","@id":"https:\/\/www.lumen.ee\/ru\/o_klinike\/partnerid\/#breadcrumb","itemListElement":[{"@type":"ListItem","position":1,"name":"Lumen","item":"https:\/\/www.lumen.ee\/ru\/"},{"@type":"ListItem","position":2,"name":"\u0418\u043d\u0444\u043e\u0440\u043c\u0430\u0446\u0438\u044f \u043e \u043a\u043b\u0438\u043d\u0438\u043a\u0435","item":"https:\/\/www.lumen.ee\/ru\/o_klinike\/"},{"@type":"ListItem","position":3,"name":"\u041f\u0430\u0440\u0442\u043d\u0435\u0440\u044b"}]},{"@type":"WebSite","@id":"https:\/\/www.lumen.ee\/ru\/#website","url":"https:\/\/www.lumen.ee\/ru\/","name":"\u0417\u0443\u0431\u043d\u0430\u044f \u041a\u043b\u0438\u043d\u0438\u043a\u0430 Lumen","description":"","publisher":{"@id":"https:\/\/www.lumen.ee\/ru\/#organization"},"alternateName":"LUMEN","potentialAction":[{"@type":"SearchAction","target":{"@type":"EntryPoint","urlTemplate":"https:\/\/www.lumen.ee\/ru\/?s={search_term_string}"},"query-input":{"@type":"PropertyValueSpecification","valueRequired":true,"valueName":"search_term_string"}}],"inLanguage":"ru-RU"},{"@type":"Organization","@id":"https:\/\/www.lumen.ee\/ru\/#organization","name":"Lumen Hambakliinik","url":"https:\/\/www.lumen.ee\/ru\/","logo":{"@type":"ImageObject","inLanguage":"ru-RU","@id":"https:\/\/www.lumen.ee\/ru\/#\/schema\/logo\/image\/","url":"https:\/\/www.lumen.ee\/wp-content\/uploads\/2017\/09\/Lumen_logo_EST_300x137.jpg","contentUrl":"https:\/\/www.lumen.ee\/wp-content\/uploads\/2017\/09\/Lumen_logo_EST_300x137.jpg","width":300,"height":137,"caption":"Lumen Hambakliinik"},"image":{"@id":"https:\/\/www.lumen.ee\/ru\/#\/schema\/logo\/image\/"},"sameAs":["https:\/\/www.facebook.com\/LumenHambakliinik","https:\/\/www.youtube.com\/user\/LumenHambakliinik"]}]}},"uagb_featured_image_src":{"full":false,"thumbnail":false,"medium":false,"medium_large":false,"large":false,"1536x1536":false,"2048x2048":false,"post-thumbnail":false,"big-thumbnail-500x500":false},"uagb_author_info":{"display_name":"omanik","author_link":"https:\/\/www.lumen.ee\/ru\/author\/omanik\/"},"uagb_comment_info":0,"uagb_excerpt":"\u0411\u043b\u0430\u0433\u043e\u0434\u0430\u0440\u0438\u043c \u0432\u0441\u0435\u0445 \u043d\u0430\u0448\u0438\u0445 \u043f\u0430\u0440\u0442\u043d\u0435\u0440\u043e\u0432: \u041b\u0430\u0431\u043e\u0440\u0430\u0442\u043e\u0440\u0438\u0438: Ceramic O\u00dc Tallinna Hambapolikliiniku Hambalabor IDent Hambalabor Smileline O\u00dc \u041f\u043e\u0441\u0442\u0430\u0432\u0449\u0438\u043a\u0438 \u0442\u043e\u0432\u0430\u0440\u043e\u0432: DAB VMTR Sirowa Magnum Dental Prodent Proimplant Dentalring Avera-Trading Plandent Medivar Goodpoint Chemical Dentalmarket.ee Baltic Medical Partners \u0418 \u0432\u0441\u0435 \u043e\u0441\u0442\u0430\u043b\u044c\u043d\u044b\u0435 Viimsi SPA Viimsi Teataja Innovaatik Retent AS MacoMed O\u00dc SVEA Finance Tevisekassa","_links":{"self":[{"href":"https:\/\/www.lumen.ee\/ru\/wp-json\/wp\/v2\/pages\/600","targetHints":{"allow":["GET"]}}],"collection":[{"href":"https:\/\/www.lumen.ee\/ru\/wp-json\/wp\/v2\/pages"}],"about":[{"href":"https:\/\/www.lumen.ee\/ru\/wp-json\/wp\/v2\/types\/page"}],"author":[{"embeddable":true,"href":"https:\/\/www.lumen.ee\/ru\/wp-json\/wp\/v2\/users\/1"}],"replies":[{"embeddable":true,"href":"https:\/\/www.lumen.ee\/ru\/wp-json\/wp\/v2\/comments?post=600"}],"version-history":[{"count":5,"href":"https:\/\/www.lumen.ee\/ru\/wp-json\/wp\/v2\/pages\/600\/revisions"}],"predecessor-version":[{"id":14153,"href":"https:\/\/www.lumen.ee\/ru\/wp-json\/wp\/v2\/pages\/600\/revisions\/14153"}],"up":[{"embeddable":true,"href":"https:\/\/www.lumen.ee\/ru\/wp-json\/wp\/v2\/pages\/873"}],"wp:attachment":[{"href":"https:\/\/www.lumen.ee\/ru\/wp-json\/wp\/v2\/media?parent=600"}],"curies":[{"name":"wp","href":"https:\/\/api.w.org\/{rel}","templated":true}]}}