{"id":19654,"date":"2023-05-15T19:27:57","date_gmt":"2023-05-15T16:27:57","guid":{"rendered":"https:\/\/www.lumen.ee\/dental-care\/kaperavi\/"},"modified":"2025-01-10T16:32:41","modified_gmt":"2025-01-10T14:32:41","slug":"kaperavi","status":"publish","type":"page","link":"https:\/\/www.lumen.ee\/en\/dental-care\/kaperavi\/","title":{"rendered":"Aligner treatment"},"content":{"rendered":"<div class=\"images\">\n<div id='gallery-1' class='gallery galleryid-19654 gallery-columns-1 gallery-size-thumbnail'><dl class='gallery-item'>\n\t\t\t<dt class='gallery-icon landscape'>\n\t\t\t\t<a href='https:\/\/www.lumen.ee\/wp-content\/uploads\/2023\/06\/Kaperavi_HD.jpg' title=\"\" data-rl_title=\"\" class=\"rl-gallery-link\" data-rl_caption=\"\" data-rel=\"lightbox-gallery-1\"><img loading=\"lazy\" decoding=\"async\" width=\"182\" height=\"182\" src=\"https:\/\/www.lumen.ee\/wp-content\/uploads\/2023\/06\/Kaperavi_HD-182x182.jpg\" class=\"attachment-thumbnail size-thumbnail\" alt=\"\" srcset=\"https:\/\/www.lumen.ee\/wp-content\/uploads\/2023\/06\/Kaperavi_HD-182x182.jpg 182w, https:\/\/www.lumen.ee\/wp-content\/uploads\/2023\/06\/Kaperavi_HD-500x500.jpg 500w\" sizes=\"auto, (max-width: 182px) 100vw, 182px\" \/><\/a>\n\t\t\t<\/dt><\/dl><br style=\"clear: both\" \/>\n\t\t<\/div>\n\n<\/div>\n<div class=\"page_postitus\">\n<p>Our clinic cooperates with the <strong>ClearX<\/strong> aligners manufacturer.<\/p>\n<p><strong>Orthodontic aligners<\/strong> are an aesthetic treatment method for occlusal disorders. Dental aligners are forms made of biocompatible plastic, which are thin, transparent, yet strong and durable. Thanks to the scientific achievements, digital technology, special software and materials, aligner treatment is increasingly becoming a key orthodontic treatment method.<\/p>\n<p>Aligners are barely noticeable in the mouth. They are installed over the entire dental arch. Aligners are removed from the mouth only for eating and cleaning the teeth. Aligners are changed in every 10-14 days. Aligners can cause a little tooth sensitivity, but only for the first few days after installing a new aligner. Dental aligners do not affect your speech, they must be removed before eating and put back afterwards.<\/p>\n<p>Your dentist will give you specific instructions, explanations and a description of visits and the course of the treatment process.<\/p>\n<p><strong>Aligner treatment <\/strong>is only successful if you follow the treatment instructions exactly. The most important thing is <strong>self-motivation<\/strong> and <strong>maintaining oral hygiene<\/strong>. Similarly, <strong>knowledge about eating\/drinking<\/strong> is important, as well as an understanding of what <em>attachments<\/em> are (composite <strong>buttons on the teeth<\/strong>) and <strong>rubber braces<\/strong> (stretchable rubber rings that are attached from the upper dental arch to the lower, which help improve the position of the dental arches and direct the movement of certain teeth more intensively).<\/p>\n<p>It is important to learn <strong>how to place the aligner in your mouth<\/strong>. In the aligner treatment, <strong>the aligner should always be properly pressed entirely on the teeth.<\/strong> In this way, the aligner can apply the necessary pressure on the teeth to move them into the required position.<\/p>\n<p>At the end of aligner treatment, it is important to understand that wearing <strong>a retention aligner<\/strong> is absolutely necessary. The retention aligner keeps the positions of the teeth as they were at the end of the treatment. When you stop using the retention aligner, the teeth may shift back to their pre-treatment position.<\/p>\n<p>Aligners must be worn <strong>20-22 hours a day<\/strong>, i.e., you must keep aligners in the mouth both day and night. Aligners are removed from the mouth only for eating and cleaning the teeth. There must be no aligner-free days during treatment.<\/p>\n<p><strong>Diagnostics<\/strong> is always necessary for the digital planning of aligner treatment and the manufacture of aligners. It includes x-rays, dental records, scans to obtain a digital 3D model, and photographs of the teeth and face.<\/p>\n<p>The collected information is uploaded to the aligner treatment planning software, which is used to prepare a detailed <strong>treatment plan<\/strong>.\u00a0 This will show the step-by-step description of the treatment both in writing and in images. Thus, before the treatment begins and the aligners are ordered, you can visually see the expected end result.<\/p>\n<p>As with any other medical procedure, <strong>no guarantees can be made concerning the outcome of aligner treatment<\/strong>. The result depends largely on the patient&#8217;s commitment, i.e., how he\/she adheres to the instructions of the dentist and aligner manufacturer. In terms of materials, there is a manufacturer&#8217;s warranty, and the manufacturer also guarantees the manufacture of additional aligners, if necessary, in case there are discrepancies in the treatment result and the treatment plan.\u00a0Correspondence, treatment plan, signed consent form, as well as submitted and paid invoices serve as proof of mutual agreements.<\/p>\n<p><a class=\"registr\" href=\"https:\/\/www.lumen.ee\/en\/contact\/book-an-appointment\/\">Registreeru vastuv\u00f5tule<\/a><\/p>\n<\/div>\n","protected":false},"excerpt":{"rendered":"<p>Our clinic cooperates with the ClearX aligners manufacturer. Orthodontic aligners are an aesthetic treatment method for occlusal disorders. Dental aligners are forms made of biocompatible plastic, which are thin, transparent, yet strong and durable. Thanks to the scientific achievements, digital technology, special software and materials, aligner treatment is increasingly becoming a key orthodontic treatment method. [&hellip;]<\/p>\n","protected":false},"author":2,"featured_media":0,"parent":606,"menu_order":8,"comment_status":"closed","ping_status":"closed","template":"","meta":{"_acf_changed":false,"_uag_custom_page_level_css":"","footnotes":""},"class_list":["post-19654","page","type-page","status-publish","hentry"],"acf":[],"yoast_head":"<!-- This site is optimized with the Yoast SEO plugin v27.5 - https:\/\/yoast.com\/product\/yoast-seo-wordpress\/ -->\n<title>Kaperavi, hambakaped, ortodontia kapedega - Lumen Dental Clinic<\/title>\n<meta name=\"description\" content=\"Ortodontilised kaped on kaasaegne esteetiline hambumush\u00e4irete ravimeetod. \u00d5hukesed ja l\u00e4bipaistvad hambakaped on suus pea m\u00e4rkamatud ning ei takista r\u00e4\u00e4kimist.\" \/>\n<meta name=\"robots\" content=\"index, follow, max-snippet:-1, max-image-preview:large, max-video-preview:-1\" \/>\n<link rel=\"canonical\" href=\"https:\/\/www.lumen.ee\/en\/dental-care\/kaperavi\/\" \/>\n<meta property=\"og:locale\" content=\"en_US\" \/>\n<meta property=\"og:type\" content=\"article\" \/>\n<meta property=\"og:title\" content=\"Kaperavi, hambakaped, ortodontia kapedega - Lumen Dental Clinic\" \/>\n<meta property=\"og:description\" content=\"Ortodontilised kaped on kaasaegne esteetiline hambumush\u00e4irete ravimeetod. \u00d5hukesed ja l\u00e4bipaistvad hambakaped on suus pea m\u00e4rkamatud ning ei takista r\u00e4\u00e4kimist.\" \/>\n<meta property=\"og:url\" content=\"https:\/\/www.lumen.ee\/en\/dental-care\/kaperavi\/\" \/>\n<meta property=\"og:site_name\" content=\"Lumen Dental Clinic\" \/>\n<meta property=\"article:publisher\" content=\"https:\/\/www.facebook.com\/LumenHambakliinik\" \/>\n<meta property=\"article:modified_time\" content=\"2025-01-10T14:32:41+00:00\" \/>\n<meta property=\"og:image\" content=\"https:\/\/www.lumen.ee\/wp-content\/uploads\/2019\/02\/b1.jpg\" \/>\n\t<meta property=\"og:image:width\" content=\"1411\" \/>\n\t<meta property=\"og:image:height\" content=\"363\" \/>\n\t<meta property=\"og:image:type\" content=\"image\/jpeg\" \/>\n<script type=\"application\/ld+json\" class=\"yoast-schema-graph\">{\"@context\":\"https:\\\/\\\/schema.org\",\"@graph\":[{\"@type\":\"WebPage\",\"@id\":\"https:\\\/\\\/www.lumen.ee\\\/en\\\/dental-care\\\/kaperavi\\\/\",\"url\":\"https:\\\/\\\/www.lumen.ee\\\/en\\\/dental-care\\\/kaperavi\\\/\",\"name\":\"Kaperavi, hambakaped, ortodontia kapedega - Lumen Dental Clinic\",\"isPartOf\":{\"@id\":\"https:\\\/\\\/www.lumen.ee\\\/en\\\/#website\"},\"datePublished\":\"2023-05-15T16:27:57+00:00\",\"dateModified\":\"2025-01-10T14:32:41+00:00\",\"description\":\"Ortodontilised kaped on kaasaegne esteetiline hambumush\u00e4irete ravimeetod. \u00d5hukesed ja l\u00e4bipaistvad hambakaped on suus pea m\u00e4rkamatud ning ei takista r\u00e4\u00e4kimist.\",\"breadcrumb\":{\"@id\":\"https:\\\/\\\/www.lumen.ee\\\/en\\\/dental-care\\\/kaperavi\\\/#breadcrumb\"},\"inLanguage\":\"en-US\",\"potentialAction\":[{\"@type\":\"ReadAction\",\"target\":[\"https:\\\/\\\/www.lumen.ee\\\/en\\\/dental-care\\\/kaperavi\\\/\"]}]},{\"@type\":\"BreadcrumbList\",\"@id\":\"https:\\\/\\\/www.lumen.ee\\\/en\\\/dental-care\\\/kaperavi\\\/#breadcrumb\",\"itemListElement\":[{\"@type\":\"ListItem\",\"position\":1,\"name\":\"Lumen\",\"item\":\"https:\\\/\\\/www.lumen.ee\\\/en\\\/\"},{\"@type\":\"ListItem\",\"position\":2,\"name\":\"Dental care\",\"item\":\"https:\\\/\\\/www.lumen.ee\\\/en\\\/dental-care\\\/\"},{\"@type\":\"ListItem\",\"position\":3,\"name\":\"Aligner treatment\"}]},{\"@type\":\"WebSite\",\"@id\":\"https:\\\/\\\/www.lumen.ee\\\/en\\\/#website\",\"url\":\"https:\\\/\\\/www.lumen.ee\\\/en\\\/\",\"name\":\"Lumen Dental Clinic\",\"description\":\"\",\"publisher\":{\"@id\":\"https:\\\/\\\/www.lumen.ee\\\/en\\\/#organization\"},\"alternateName\":\"LUMEN\",\"potentialAction\":[{\"@type\":\"SearchAction\",\"target\":{\"@type\":\"EntryPoint\",\"urlTemplate\":\"https:\\\/\\\/www.lumen.ee\\\/en\\\/?s={search_term_string}\"},\"query-input\":{\"@type\":\"PropertyValueSpecification\",\"valueRequired\":true,\"valueName\":\"search_term_string\"}}],\"inLanguage\":\"en-US\"},{\"@type\":\"Organization\",\"@id\":\"https:\\\/\\\/www.lumen.ee\\\/en\\\/#organization\",\"name\":\"Lumen Hambakliinik\",\"url\":\"https:\\\/\\\/www.lumen.ee\\\/en\\\/\",\"logo\":{\"@type\":\"ImageObject\",\"inLanguage\":\"en-US\",\"@id\":\"https:\\\/\\\/www.lumen.ee\\\/en\\\/#\\\/schema\\\/logo\\\/image\\\/\",\"url\":\"https:\\\/\\\/www.lumen.ee\\\/wp-content\\\/uploads\\\/2017\\\/09\\\/Lumen_logo_EST_300x137.jpg\",\"contentUrl\":\"https:\\\/\\\/www.lumen.ee\\\/wp-content\\\/uploads\\\/2017\\\/09\\\/Lumen_logo_EST_300x137.jpg\",\"width\":300,\"height\":137,\"caption\":\"Lumen Hambakliinik\"},\"image\":{\"@id\":\"https:\\\/\\\/www.lumen.ee\\\/en\\\/#\\\/schema\\\/logo\\\/image\\\/\"},\"sameAs\":[\"https:\\\/\\\/www.facebook.com\\\/LumenHambakliinik\",\"https:\\\/\\\/www.youtube.com\\\/user\\\/LumenHambakliinik\"]}]}<\/script>\n<!-- \/ Yoast SEO plugin. -->","yoast_head_json":{"title":"Kaperavi, hambakaped, ortodontia kapedega - Lumen Dental Clinic","description":"Ortodontilised kaped on kaasaegne esteetiline hambumush\u00e4irete ravimeetod. \u00d5hukesed ja l\u00e4bipaistvad hambakaped on suus pea m\u00e4rkamatud ning ei takista r\u00e4\u00e4kimist.","robots":{"index":"index","follow":"follow","max-snippet":"max-snippet:-1","max-image-preview":"max-image-preview:large","max-video-preview":"max-video-preview:-1"},"canonical":"https:\/\/www.lumen.ee\/en\/dental-care\/kaperavi\/","og_locale":"en_US","og_type":"article","og_title":"Kaperavi, hambakaped, ortodontia kapedega - Lumen Dental Clinic","og_description":"Ortodontilised kaped on kaasaegne esteetiline hambumush\u00e4irete ravimeetod. \u00d5hukesed ja l\u00e4bipaistvad hambakaped on suus pea m\u00e4rkamatud ning ei takista r\u00e4\u00e4kimist.","og_url":"https:\/\/www.lumen.ee\/en\/dental-care\/kaperavi\/","og_site_name":"Lumen Dental Clinic","article_publisher":"https:\/\/www.facebook.com\/LumenHambakliinik","article_modified_time":"2025-01-10T14:32:41+00:00","og_image":[{"width":1411,"height":363,"url":"https:\/\/www.lumen.ee\/wp-content\/uploads\/2019\/02\/b1.jpg","type":"image\/jpeg"}],"schema":{"@context":"https:\/\/schema.org","@graph":[{"@type":"WebPage","@id":"https:\/\/www.lumen.ee\/en\/dental-care\/kaperavi\/","url":"https:\/\/www.lumen.ee\/en\/dental-care\/kaperavi\/","name":"Kaperavi, hambakaped, ortodontia kapedega - Lumen Dental Clinic","isPartOf":{"@id":"https:\/\/www.lumen.ee\/en\/#website"},"datePublished":"2023-05-15T16:27:57+00:00","dateModified":"2025-01-10T14:32:41+00:00","description":"Ortodontilised kaped on kaasaegne esteetiline hambumush\u00e4irete ravimeetod. \u00d5hukesed ja l\u00e4bipaistvad hambakaped on suus pea m\u00e4rkamatud ning ei takista r\u00e4\u00e4kimist.","breadcrumb":{"@id":"https:\/\/www.lumen.ee\/en\/dental-care\/kaperavi\/#breadcrumb"},"inLanguage":"en-US","potentialAction":[{"@type":"ReadAction","target":["https:\/\/www.lumen.ee\/en\/dental-care\/kaperavi\/"]}]},{"@type":"BreadcrumbList","@id":"https:\/\/www.lumen.ee\/en\/dental-care\/kaperavi\/#breadcrumb","itemListElement":[{"@type":"ListItem","position":1,"name":"Lumen","item":"https:\/\/www.lumen.ee\/en\/"},{"@type":"ListItem","position":2,"name":"Dental care","item":"https:\/\/www.lumen.ee\/en\/dental-care\/"},{"@type":"ListItem","position":3,"name":"Aligner treatment"}]},{"@type":"WebSite","@id":"https:\/\/www.lumen.ee\/en\/#website","url":"https:\/\/www.lumen.ee\/en\/","name":"Lumen Dental Clinic","description":"","publisher":{"@id":"https:\/\/www.lumen.ee\/en\/#organization"},"alternateName":"LUMEN","potentialAction":[{"@type":"SearchAction","target":{"@type":"EntryPoint","urlTemplate":"https:\/\/www.lumen.ee\/en\/?s={search_term_string}"},"query-input":{"@type":"PropertyValueSpecification","valueRequired":true,"valueName":"search_term_string"}}],"inLanguage":"en-US"},{"@type":"Organization","@id":"https:\/\/www.lumen.ee\/en\/#organization","name":"Lumen Hambakliinik","url":"https:\/\/www.lumen.ee\/en\/","logo":{"@type":"ImageObject","inLanguage":"en-US","@id":"https:\/\/www.lumen.ee\/en\/#\/schema\/logo\/image\/","url":"https:\/\/www.lumen.ee\/wp-content\/uploads\/2017\/09\/Lumen_logo_EST_300x137.jpg","contentUrl":"https:\/\/www.lumen.ee\/wp-content\/uploads\/2017\/09\/Lumen_logo_EST_300x137.jpg","width":300,"height":137,"caption":"Lumen Hambakliinik"},"image":{"@id":"https:\/\/www.lumen.ee\/en\/#\/schema\/logo\/image\/"},"sameAs":["https:\/\/www.facebook.com\/LumenHambakliinik","https:\/\/www.youtube.com\/user\/LumenHambakliinik"]}]}},"uagb_featured_image_src":{"full":false,"thumbnail":false,"medium":false,"medium_large":false,"large":false,"1536x1536":false,"2048x2048":false,"post-thumbnail":false,"big-thumbnail-500x500":false},"uagb_author_info":{"display_name":"Kalle","author_link":"https:\/\/www.lumen.ee\/en\/author\/kalle\/"},"uagb_comment_info":0,"uagb_excerpt":"Our clinic cooperates with the ClearX aligners manufacturer. Orthodontic aligners are an aesthetic treatment method for occlusal disorders. Dental aligners are forms made of biocompatible plastic, which are thin, transparent, yet strong and durable. Thanks to the scientific achievements, digital technology, special software and materials, aligner treatment is increasingly becoming a key orthodontic treatment method.&hellip;","_links":{"self":[{"href":"https:\/\/www.lumen.ee\/en\/wp-json\/wp\/v2\/pages\/19654","targetHints":{"allow":["GET"]}}],"collection":[{"href":"https:\/\/www.lumen.ee\/en\/wp-json\/wp\/v2\/pages"}],"about":[{"href":"https:\/\/www.lumen.ee\/en\/wp-json\/wp\/v2\/types\/page"}],"author":[{"embeddable":true,"href":"https:\/\/www.lumen.ee\/en\/wp-json\/wp\/v2\/users\/2"}],"replies":[{"embeddable":true,"href":"https:\/\/www.lumen.ee\/en\/wp-json\/wp\/v2\/comments?post=19654"}],"version-history":[{"count":2,"href":"https:\/\/www.lumen.ee\/en\/wp-json\/wp\/v2\/pages\/19654\/revisions"}],"predecessor-version":[{"id":19656,"href":"https:\/\/www.lumen.ee\/en\/wp-json\/wp\/v2\/pages\/19654\/revisions\/19656"}],"up":[{"embeddable":true,"href":"https:\/\/www.lumen.ee\/en\/wp-json\/wp\/v2\/pages\/606"}],"wp:attachment":[{"href":"https:\/\/www.lumen.ee\/en\/wp-json\/wp\/v2\/media?parent=19654"}],"curies":[{"name":"wp","href":"https:\/\/api.w.org\/{rel}","templated":true}]}}